{"id":2,"date":"2018-10-07T15:34:48","date_gmt":"2018-10-07T15:34:48","guid":{"rendered":"http:\/\/localhost\/wp\/wp481\/?page_id=2"},"modified":"2026-03-15T16:43:11","modified_gmt":"2026-03-15T16:43:11","slug":"sample-page","status":"publish","type":"page","link":"https:\/\/www.vystavafretek.cz\/","title":{"rendered":""},"content":{"rendered":"<!--themify_builder_content-->\r\n<div id=\"themify_builder_content-2\" data-postid=\"2\" class=\"themify_builder_content themify_builder_content-2 themify_builder tf_clear\">\r\n    \t\t\t<!-- module_row -->\r\n\t<div  data-lazy=\"1\" class=\"module_row themify_builder_row tb_p482652 tb_first tf_w tf_clearfix\">\r\n\t    \t\t\t<div class=\"row_inner col_align_top tb_col_count_1 tf_box tf_rel\">\r\n\t\t            <div  data-lazy=\"1\" class=\"module_column tb-column col-full tb_mtx2653 first\">\r\n                                                        <div class=\"tb-column-inner tf_box tf_w\">\r\n                        \t<div  data-lazy=\"1\" class=\"module_subrow themify_builder_sub_row tb_mfkf863 tf_w tf_clearfix\">\r\n\t    \t\t\t<div class=\"subrow_inner col_align_top tb_col_count_1 tf_box tf_w\">\r\n\t\t            <div  data-lazy=\"1\" class=\"module_column sub_column col-full tb_jyqe865 first\">\r\n                                                        <div class=\"tb-column-inner tf_box tf_w\">\r\n                        <!-- module image -->\r\n<div  class=\"module module-image tb_7wca224   image-top auto_fullwidth tf_mw hide-tablet hide-mobile\" data-lazy=\"1\">\r\n        <div class=\"image-wrap tf_rel tf_mw\">\r\n\t\t    <a href=\"https:\/\/fb.me\/e\/6D4aaV7v9\"\r\n\t        rel=\"noopener\" target=\"_blank\"\t       >\r\n\t\t   \t\t<img loading=\"lazy\" decoding=\"async\" src=\"http:\/\/www.vystavafretek.cz\/wp-content\/uploads\/2026\/03\/fretci-setkani-0526-2-scaled.png\" width=\"551\" height=\"237\" title=\"Kv\u011btnov\u00e9 fret\u010d\u00ed setk\u00e1n\u00ed\" alt=\"Kv\u011btnov\u00e9 fret\u010d\u00ed setk\u00e1n\u00ed\">\t    <\/a>\r\n\t\r\n\t\t<\/div>\r\n\t<!-- \/image-wrap -->\r\n    \r\n    \t<div class=\"image-content\">\r\n\t    \t\t\t<h3 class=\"image-title\">\r\n\t\t\t\t\t\t\t\t\t<a href=\"https:\/\/fb.me\/e\/6D4aaV7v9\" \r\n\t\t\t\t\t   \t\t\t\t\t    rel=\"noopener\" target=\"_blank\">\r\n\t\t\t\t\t\t   Kv\u011btnov\u00e9 fret\u010d\u00ed setk\u00e1n\u00ed\t\t\t\t\t<\/a>\r\n\t\t\t\t\t\t\t<\/h3>\r\n\t    \r\n\t    \t<\/div>\r\n\t<!-- \/image-content -->\r\n    \t<\/div>\r\n<!-- \/module image -->                    <\/div>\r\n                            <\/div>\r\n            \t    <\/div>\r\n\t<\/div><!-- \/themify_builder_sub_row -->\r\n\t\t<div  data-lazy=\"1\" class=\"module_subrow themify_builder_sub_row tb_ql7o414 hide-tablet hide-mobile tf_w tf_clearfix\">\r\n\t    \t\t\t<div class=\"subrow_inner col_align_top tb_col_count_2 tf_box tf_w\">\r\n\t\t            <div  data-lazy=\"1\" class=\"module_column sub_column tb_v8yp416 first\">\r\n                                                        <div class=\"tb-column-inner tf_box tf_w\">\r\n                        <!-- module text -->\r\n<div  class=\"module module-text tb_st5751   \" data-lazy=\"1\">\r\n        <div  class=\"tb_text_wrap\">\r\n    <p style=\"text-align: left;\">28. 7. 2024<\/p>    <\/div>\r\n<\/div>\r\n<!-- \/module text -->                    <\/div>\r\n                            <\/div>\r\n                        <div  data-lazy=\"1\" class=\"module_column sub_column tb_bxo0416 last\">\r\n                                                <\/div>\r\n            \t    <\/div>\r\n\t<\/div><!-- \/themify_builder_sub_row -->\r\n\t<!-- module divider -->\r\n<div  class=\"module tf_mw module-divider tb_2tvo320 solid    hide-desktop hide-tablet_landscape\" style=\"border-width: 40px;border-color: #ffffff;\" data-lazy=\"1\">\r\n    <\/div>\r\n<!-- \/module divider -->\r\n\t<div  data-lazy=\"1\" class=\"module_subrow themify_builder_sub_row tb_q8sd8 hide-desktop hide-tablet_landscape tf_w tf_clearfix\">\r\n\t    \t\t\t<div class=\"subrow_inner col_align_top tb_col_count_2 tf_box tf_w\">\r\n\t\t            <div  data-lazy=\"1\" class=\"module_column sub_column tb_f6za8 first\">\r\n                                                        <div class=\"tb-column-inner tf_box tf_w\">\r\n                        <!-- module text -->\r\n<div  class=\"module module-text tb_y2j78   \" data-lazy=\"1\">\r\n        <div  class=\"tb_text_wrap\">\r\n    <p style=\"text-align: center;\">23. 5. 2026<\/p>    <\/div>\r\n<\/div>\r\n<!-- \/module text -->                    <\/div>\r\n                            <\/div>\r\n                        <div  data-lazy=\"1\" class=\"module_column sub_column tb_vf989 last\">\r\n                                                        <div class=\"tb-column-inner tf_box tf_w\">\r\n                        <!-- module text -->\r\n<div  class=\"module module-text tb_qldk9    hide-desktop hide-tablet_landscape\" data-lazy=\"1\">\r\n        <div  class=\"tb_text_wrap\">\r\n    <p style=\"text-align: center;\">Muzeum m\u011bsta Brna &#8211; Hrad \u0160pilberk, \u0160pilberk 210\/1, 662 24 Brno<\/p>    <\/div>\r\n<\/div>\r\n<!-- \/module text -->                    <\/div>\r\n                            <\/div>\r\n            \t    <\/div>\r\n\t<\/div><!-- \/themify_builder_sub_row -->\r\n\t                    <\/div>\r\n                            <\/div>\r\n            \t    <\/div>\r\n\t    <!-- \/row_inner -->\r\n\t<\/div>\r\n\t<!-- \/module_row -->\r\n\t\t\t\t<!-- module_row -->\r\n\t<div  data-lazy=\"1\" class=\"module_row themify_builder_row tb_i7v5735 tf_w tf_clearfix hide-tablet hide-mobile\">\r\n\t    \t\t\t<div class=\"row_inner col_align_top tb_col_count_2 tf_box tf_rel\">\r\n\t\t            <div  data-lazy=\"1\" class=\"module_column tb-column tb_jgz2736 first\">\r\n                                                        <div class=\"tb-column-inner tf_box tf_w\">\r\n                                            <\/div>\r\n                            <\/div>\r\n                        <div  data-lazy=\"1\" class=\"module_column tb-column tb_h2n9736 last\">\r\n                                                        <div class=\"tb-column-inner tf_box tf_w\">\r\n                                            <\/div>\r\n                            <\/div>\r\n            \t    <\/div>\r\n\t    <!-- \/row_inner -->\r\n\t<\/div>\r\n\t<!-- \/module_row -->\r\n\t\t\t\t<!-- module_row -->\r\n\t<div  data-lazy=\"1\" class=\"module_row themify_builder_row tb_gxs0698 tf_w tf_clearfix hide-desktop hide-tablet_landscape\">\r\n\t    \t\t\t<div class=\"row_inner col_align_top tb_col_count_1 tf_box tf_rel\">\r\n\t\t            <div  data-lazy=\"1\" class=\"module_column tb-column col-full tb_yho8699 first\">\r\n                                                        <div class=\"tb-column-inner tf_box tf_w\">\r\n                                            <\/div>\r\n                            <\/div>\r\n            \t    <\/div>\r\n\t    <!-- \/row_inner -->\r\n\t<\/div>\r\n\t<!-- \/module_row -->\r\n\t\t\t\t<!-- module_row -->\r\n\t<div  data-lazy=\"1\" class=\"module_row themify_builder_row tb_5wi7586 tf_w tf_clearfix\">\r\n\t    \t\t\t<div class=\"row_inner col_align_top tb_col_count_1 tf_box tf_rel\">\r\n\t\t            <div  data-lazy=\"1\" class=\"module_column tb-column col-full tb_8gz3586 first\">\r\n                                                <\/div>\r\n            \t    <\/div>\r\n\t    <!-- \/row_inner -->\r\n\t<\/div>\r\n\t<!-- \/module_row -->\r\n\t<\/div>\r\n<!--\/themify_builder_content-->","protected":false},"excerpt":{"rendered":"<p>28. 7. 2024<\/p>\n","protected":false},"author":1,"featured_media":0,"parent":0,"menu_order":0,"comment_status":"closed","ping_status":"open","template":"","meta":{"neve_meta_sidebar":"","neve_meta_container":"","neve_meta_enable_content_width":"","neve_meta_content_width":0,"neve_meta_title_alignment":"","neve_meta_author_avatar":"","neve_post_elements_order":"","neve_meta_disable_header":"","neve_meta_disable_footer":"","neve_meta_disable_title":"","footnotes":""},"class_list":["post-2","page","type-page","status-publish","hentry"],"builder_content":"<a href=\"https:\/\/fb.me\/e\/6D4aaV7v9\"\n rel=\"noopener\" target=\"_blank\" >\n <img src=\"http:\/\/www.vystavafretek.cz\/wp-content\/uploads\/2026\/03\/fretci-setkani-0526-2-scaled.png\" width=\"551\" height=\"237\" title=\"Kv\u011btnov\u00e9 fret\u010d\u00ed setk\u00e1n\u00ed\" alt=\"Kv\u011btnov\u00e9 fret\u010d\u00ed setk\u00e1n\u00ed\"> <\/a>\n \n \n \n \n \n <h3>\n <a href=\"https:\/\/fb.me\/e\/6D4aaV7v9\" \n rel=\"noopener\" target=\"_blank\">\n Kv\u011btnov\u00e9 fret\u010d\u00ed setk\u00e1n\u00ed <\/a>\n <\/h3>\n<p style=\"text-align: left;\">28. 7. 2024<\/p>\n\n<p style=\"text-align: center;\">23. 5. 2026<\/p>\n<p style=\"text-align: center;\">Muzeum m\u011bsta Brna - Hrad \u0160pilberk, \u0160pilberk 210\/1, 662 24 Brno<\/p>\n\n\n\n","_links":{"self":[{"href":"https:\/\/www.vystavafretek.cz\/index.php\/wp-json\/wp\/v2\/pages\/2","targetHints":{"allow":["GET"]}}],"collection":[{"href":"https:\/\/www.vystavafretek.cz\/index.php\/wp-json\/wp\/v2\/pages"}],"about":[{"href":"https:\/\/www.vystavafretek.cz\/index.php\/wp-json\/wp\/v2\/types\/page"}],"author":[{"embeddable":true,"href":"https:\/\/www.vystavafretek.cz\/index.php\/wp-json\/wp\/v2\/users\/1"}],"replies":[{"embeddable":true,"href":"https:\/\/www.vystavafretek.cz\/index.php\/wp-json\/wp\/v2\/comments?post=2"}],"version-history":[{"count":267,"href":"https:\/\/www.vystavafretek.cz\/index.php\/wp-json\/wp\/v2\/pages\/2\/revisions"}],"predecessor-version":[{"id":1713,"href":"https:\/\/www.vystavafretek.cz\/index.php\/wp-json\/wp\/v2\/pages\/2\/revisions\/1713"}],"wp:attachment":[{"href":"https:\/\/www.vystavafretek.cz\/index.php\/wp-json\/wp\/v2\/media?parent=2"}],"curies":[{"name":"wp","href":"https:\/\/api.w.org\/{rel}","templated":true}]}}